{"id":12924,"date":"2020-06-27T07:38:52","date_gmt":"2020-06-27T07:38:52","guid":{"rendered":"https:\/\/ciyashop.potenzaglobalsolutions.com\/military\/?page_id=10"},"modified":"2025-05-06T16:07:49","modified_gmt":"2025-05-06T16:07:49","slug":"home","status":"publish","type":"page","link":"https:\/\/fstng44.org\/","title":{"rendered":"Home"},"content":{"rendered":"<div class=\"wpb-content-wrapper\"><p>[vc_row el_id=&#8221;1593243395834-696c722f-92af&#8221;][vc_column el_id=&#8221;1593243395839-cbd6cbf2-6f60&#8243;]\n\t\t\t<!-- START festungslider1 REVOLUTION SLIDER 6.6.18 --><p class=\"rs-p-wp-fix\"><\/p>\n\t\t\t<rs-module-wrap id=\"rev_slider_2_1_wrapper\" data-source=\"gallery\" style=\"visibility:hidden;background:transparent;padding:0;\">\n\t\t\t\t<rs-module id=\"rev_slider_2_1\" style=\"\" data-version=\"6.6.18\">\n\t\t\t\t\t<rs-slides style=\"overflow: hidden; position: absolute;\">\n\t\t\t\t\t\t<rs-slide style=\"position: absolute;\" data-key=\"rs-3\" data-title=\"Slide\" data-in=\"o:0;\" data-out=\"a:false;\">\n\t\t\t\t\t\t\t<img decoding=\"async\" src=\"\/\/fstng44.org\/wp-content\/plugins\/revslider\/public\/assets\/assets\/dummy.png\" alt=\"\" title=\"background\" width=\"2480\" height=\"1307\" class=\"rev-slidebg tp-rs-img rs-lazyload\" data-lazyload=\"\/\/fstng44.org\/wp-content\/uploads\/2024\/03\/background.webp\" data-parallax=\"off\" data-no-retina>\n<!--\n\t\t\t\t\t\t\t--><rs-layer\n\t\t\t\t\t\t\t\tid=\"slider-2-slide-3-layer-0\" \n\t\t\t\t\t\t\t\tdata-type=\"text\"\n\t\t\t\t\t\t\t\tdata-rsp_ch=\"on\"\n\t\t\t\t\t\t\t\tdata-xy=\"x:c;y:m;yo:-7px,-5px,-5px,-5px;\"\n\t\t\t\t\t\t\t\tdata-text=\"w:normal;s:136,112,112,112;l:140,115,115,115;fw:600;a:center;\"\n\t\t\t\t\t\t\t\tdata-frame_1=\"e:power4.inOut;st:1700;sp:900;sR:1700;\"\n\t\t\t\t\t\t\t\tdata-frame_1_sfx=\"se:blocktoright;\"\n\t\t\t\t\t\t\t\tdata-frame_999=\"o:0;st:w;sR:6400;\"\n\t\t\t\t\t\t\t\tstyle=\"z-index:9;font-family:'Roboto Slab';\"\n\t\t\t\t\t\t\t>Festung 44 \n\t\t\t\t\t\t\t<\/rs-layer><!--\n\n\t\t\t\t\t\t\t--><rs-layer\n\t\t\t\t\t\t\t\tid=\"slider-2-slide-3-layer-1\" \n\t\t\t\t\t\t\t\tclass=\"rs-pxl-1\"\n\t\t\t\t\t\t\t\tdata-type=\"image\"\n\t\t\t\t\t\t\t\tdata-rsp_ch=\"on\"\n\t\t\t\t\t\t\t\tdata-xy=\"xo:42px,61px,61px,61px;yo:206px,170px,170px,170px;\"\n\t\t\t\t\t\t\t\tdata-text=\"w:normal;s:20,16,16,16;l:0,20,20,20;\"\n\t\t\t\t\t\t\t\tdata-dim=\"w:25px,20px,20px,20px;h:25px,20px,20px,20px;\"\n\t\t\t\t\t\t\t\tdata-frame_0=\"x:left;\"\n\t\t\t\t\t\t\t\tdata-frame_1=\"e:power4.inOut;st:2190;sp:900;sR:2190;\"\n\t\t\t\t\t\t\t\tdata-frame_999=\"o:0;st:w;sR:5910;\"\n\t\t\t\t\t\t\t\tstyle=\"z-index:12;\"\n\t\t\t\t\t\t\t><img decoding=\"async\" src=\"\/\/fstng44.org\/wp-content\/plugins\/revslider\/public\/assets\/assets\/dummy.png\" alt=\"\" class=\"tp-rs-img rs-lazyload\" width=\"25\" height=\"25\" data-lazyload=\"\/\/fstng44.org\/wp-content\/uploads\/revslider\/slider-1\/Rectangle-38.png\" data-no-retina> \n\t\t\t\t\t\t\t<\/rs-layer><!--\n\n\t\t\t\t\t\t\t--><rs-layer\n\t\t\t\t\t\t\t\tid=\"slider-2-slide-3-layer-3\" \n\t\t\t\t\t\t\t\tclass=\"rs-pxl-2\"\n\t\t\t\t\t\t\t\tdata-type=\"image\"\n\t\t\t\t\t\t\t\tdata-rsp_ch=\"on\"\n\t\t\t\t\t\t\t\tdata-xy=\"xo:41px,60px,60px,60px;yo:723px,597px,597px,597px;\"\n\t\t\t\t\t\t\t\tdata-text=\"w:normal;s:20,16,16,16;l:0,20,20,20;\"\n\t\t\t\t\t\t\t\tdata-dim=\"w:25px,20px,20px,20px;h:25px,20px,20px,20px;\"\n\t\t\t\t\t\t\t\tdata-frame_0=\"x:left;\"\n\t\t\t\t\t\t\t\tdata-frame_1=\"e:power4.inOut;st:2200;sp:900;sR:2200;\"\n\t\t\t\t\t\t\t\tdata-frame_999=\"o:0;st:w;sR:5900;\"\n\t\t\t\t\t\t\t\tstyle=\"z-index:13;\"\n\t\t\t\t\t\t\t><img decoding=\"async\" src=\"\/\/fstng44.org\/wp-content\/plugins\/revslider\/public\/assets\/assets\/dummy.png\" alt=\"\" class=\"tp-rs-img rs-lazyload\" width=\"25\" height=\"25\" data-lazyload=\"\/\/fstng44.org\/wp-content\/uploads\/revslider\/slider-1\/Rectangle-39.png\" data-no-retina> \n\t\t\t\t\t\t\t<\/rs-layer><!--\n\n\t\t\t\t\t\t\t--><rs-layer\n\t\t\t\t\t\t\t\tid=\"slider-2-slide-3-layer-4\" \n\t\t\t\t\t\t\t\tclass=\"rs-pxl-2\"\n\t\t\t\t\t\t\t\tdata-type=\"image\"\n\t\t\t\t\t\t\t\tdata-rsp_ch=\"on\"\n\t\t\t\t\t\t\t\tdata-xy=\"xo:1173px,941px,941px,941px;yo:205px,169px,169px,169px;\"\n\t\t\t\t\t\t\t\tdata-text=\"w:normal;s:20,16,16,16;l:0,20,20,20;\"\n\t\t\t\t\t\t\t\tdata-dim=\"w:25px,20px,20px,20px;h:25px,20px,20px,20px;\"\n\t\t\t\t\t\t\t\tdata-frame_0=\"x:right;\"\n\t\t\t\t\t\t\t\tdata-frame_1=\"e:power4.inOut;st:2200;sp:900;sR:2200;\"\n\t\t\t\t\t\t\t\tdata-frame_999=\"o:0;st:w;sR:5900;\"\n\t\t\t\t\t\t\t\tstyle=\"z-index:14;\"\n\t\t\t\t\t\t\t><img decoding=\"async\" src=\"\/\/fstng44.org\/wp-content\/plugins\/revslider\/public\/assets\/assets\/dummy.png\" alt=\"\" class=\"tp-rs-img rs-lazyload\" width=\"25\" height=\"25\" data-lazyload=\"\/\/fstng44.org\/wp-content\/uploads\/revslider\/slider-1\/Rectangle-40.png\" data-no-retina> \n\t\t\t\t\t\t\t<\/rs-layer><!--\n\n\t\t\t\t\t\t\t--><rs-layer\n\t\t\t\t\t\t\t\tid=\"slider-2-slide-3-layer-5\" \n\t\t\t\t\t\t\t\tclass=\"rs-pxl-1\"\n\t\t\t\t\t\t\t\tdata-type=\"image\"\n\t\t\t\t\t\t\t\tdata-rsp_ch=\"on\"\n\t\t\t\t\t\t\t\tdata-xy=\"x:r;xo:42px,61px,61px,61px;y:b;yo:152px,151px,151px,151px;\"\n\t\t\t\t\t\t\t\tdata-text=\"w:normal;s:20,16,16,16;l:0,20,20,20;\"\n\t\t\t\t\t\t\t\tdata-dim=\"w:25px,20px,20px,20px;h:25px,20px,20px,20px;\"\n\t\t\t\t\t\t\t\tdata-frame_0=\"x:right;\"\n\t\t\t\t\t\t\t\tdata-frame_1=\"e:power4.inOut;st:2200;sp:900;sR:2200;\"\n\t\t\t\t\t\t\t\tdata-frame_999=\"o:0;st:w;sR:5900;\"\n\t\t\t\t\t\t\t\tstyle=\"z-index:15;\"\n\t\t\t\t\t\t\t><img decoding=\"async\" src=\"\/\/fstng44.org\/wp-content\/plugins\/revslider\/public\/assets\/assets\/dummy.png\" alt=\"\" class=\"tp-rs-img rs-lazyload\" width=\"25\" height=\"25\" data-lazyload=\"\/\/fstng44.org\/wp-content\/uploads\/revslider\/slider-1\/Rectangle-41.png\" data-no-retina> \n\t\t\t\t\t\t\t<\/rs-layer><!--\n\n\t\t\t\t\t\t\t--><rs-layer\n\t\t\t\t\t\t\t\tid=\"slider-2-slide-3-layer-6\" \n\t\t\t\t\t\t\t\tclass=\"rs-pxl-3\"\n\t\t\t\t\t\t\t\tdata-type=\"image\"\n\t\t\t\t\t\t\t\tdata-rsp_ch=\"on\"\n\t\t\t\t\t\t\t\tdata-xy=\"x:c;y:m;\"\n\t\t\t\t\t\t\t\tdata-text=\"w:normal;s:20,16,16,16;l:0,20,20,20;\"\n\t\t\t\t\t\t\t\tdata-dim=\"w:41px,33px,33px,33px;h:41px,33px,33px,33px;\"\n\t\t\t\t\t\t\t\tdata-frame_0=\"y:bottom;sX:2;sY:2;rZ:70deg;\"\n\t\t\t\t\t\t\t\tdata-frame_1=\"e:power4.inOut;st:2200;sp:900;sR:2200;\"\n\t\t\t\t\t\t\t\tdata-frame_999=\"o:0;st:w;sR:5900;\"\n\t\t\t\t\t\t\t\tstyle=\"z-index:16;\"\n\t\t\t\t\t\t\t><img decoding=\"async\" src=\"\/\/fstng44.org\/wp-content\/plugins\/revslider\/public\/assets\/assets\/dummy.png\" alt=\"\" class=\"tp-rs-img rs-lazyload\" width=\"41\" height=\"41\" data-lazyload=\"\/\/fstng44.org\/wp-content\/uploads\/revslider\/slider-1\/Rectangle-42.png\" data-no-retina> \n\t\t\t\t\t\t\t<\/rs-layer><!--\n\n\t\t\t\t\t\t\t--><rs-layer\n\t\t\t\t\t\t\t\tid=\"slider-2-slide-3-layer-7\" \n\t\t\t\t\t\t\t\tdata-type=\"text\"\n\t\t\t\t\t\t\t\tdata-rsp_ch=\"on\"\n\t\t\t\t\t\t\t\tdata-xy=\"x:c;y:m;yo:130px,107px,107px,107px;\"\n\t\t\t\t\t\t\t\tdata-text=\"w:normal;s:60,49,49,49;l:100,82,82,82;fw:600;a:center;\"\n\t\t\t\t\t\t\t\tdata-frame_1=\"e:power4.inOut;st:1700;sp:900;sR:1700;\"\n\t\t\t\t\t\t\t\tdata-frame_1_sfx=\"se:blocktoright;\"\n\t\t\t\t\t\t\t\tdata-frame_999=\"o:0;st:w;sR:6400;\"\n\t\t\t\t\t\t\t\tstyle=\"z-index:9;font-family:'Roboto Slab';\"\n\t\t\t\t\t\t\t>T\u00e1mogat\u00f3i Oldal \n\t\t\t\t\t\t\t<\/rs-layer><!--\n\n\t\t\t\t\t\t\t--><rs-layer\n\t\t\t\t\t\t\t\tid=\"slider-2-slide-3-layer-9\" \n\t\t\t\t\t\t\t\tdata-type=\"image\"\n\t\t\t\t\t\t\t\tdata-rsp_ch=\"on\"\n\t\t\t\t\t\t\t\tdata-xy=\"x:c;xo:-7px,-5px,-5px,-5px;yo:674px,556px,556px,556px;\"\n\t\t\t\t\t\t\t\tdata-text=\"w:normal;s:20,16,16,16;l:0,20,20,20;\"\n\t\t\t\t\t\t\t\tdata-dim=\"w:661px,545px,545px,545px;h:8px,6px,6px,6px;\"\n\t\t\t\t\t\t\t\tdata-frame_1=\"e:power4.inOut;st:2150;sp:900;sR:2150;\"\n\t\t\t\t\t\t\t\tdata-frame_1_sfx=\"se:blocktoright;\"\n\t\t\t\t\t\t\t\tdata-frame_999=\"o:0;st:w;sR:5950;\"\n\t\t\t\t\t\t\t\tstyle=\"z-index:8;\"\n\t\t\t\t\t\t\t><img decoding=\"async\" src=\"\/\/fstng44.org\/wp-content\/plugins\/revslider\/public\/assets\/assets\/dummy.png\" alt=\"\" class=\"tp-rs-img rs-lazyload\" width=\"834\" height=\"10\" data-lazyload=\"\/\/fstng44.org\/wp-content\/uploads\/revslider\/slider-1\/Rectangle-43.png\" data-no-retina> \n\t\t\t\t\t\t\t<\/rs-layer><!--\n\n\t\t\t\t\t\t\t--><rs-layer\n\t\t\t\t\t\t\t\tid=\"slider-2-slide-3-layer-14\" \n\t\t\t\t\t\t\t\tdata-type=\"object\"\n\t\t\t\t\t\t\t\tdata-rsp_ch=\"on\"\n\t\t\t\t\t\t\t\tdata-xy=\"xo:50px,41px,41px,41px;yo:253px,208px,208px,208px;\"\n\t\t\t\t\t\t\t\tdata-text=\"w:normal;s:20,16,16,16;l:0,20,20,20;\"\n\t\t\t\t\t\t\t\tdata-frame_999=\"o:0;st:w;\"\n\t\t\t\t\t\t\t\tstyle=\"z-index:17;font-family:'Roboto';\"\n\t\t\t\t\t\t\t> \n\t\t\t\t\t\t\t<\/rs-layer><!--\n-->\t\t\t\t\t\t<\/rs-slide>\n\t\t\t\t\t<\/rs-slides>\n\t\t\t\t<\/rs-module>\n\t\t\t\t<script>\n\t\t\t\t\tsetREVStartSize({c: 'rev_slider_2_1',rl:[1240,1024,1024,1024],el:[900,768,768,768],gw:[1240,1024,1024,1024],gh:[900,768,768,768],type:'standard',justify:'',layout:'fullscreen',offsetContainer:'',offset:'10%',mh:\"0\"});if (window.RS_MODULES!==undefined && window.RS_MODULES.modules!==undefined && window.RS_MODULES.modules[\"revslider21\"]!==undefined) {window.RS_MODULES.modules[\"revslider21\"].once = false;window.revapi2 = undefined;if (window.RS_MODULES.checkMinimal!==undefined) window.RS_MODULES.checkMinimal()}\n\t\t\t\t<\/script>\n\t\t\t<\/rs-module-wrap>\n\t\t\t<!-- END REVOLUTION SLIDER -->\n[\/vc_column][\/vc_row][vc_row full_width=&#8221;stretch_row&#8221; pgscore_enable_responsive_settings=&#8221;true&#8221; el_id=&#8221;1593416819185-59f15cb7-d40a&#8221; css=&#8221;.vc_custom_1709669478351{padding-top: 80px !important;padding-bottom: 80px !important;background-color: #f8f8f8 !important;background-position: 0 0 !important;background-repeat: no-repeat !important;}&#8221; element_css_md=&#8221;.vc_custom_1709669478351{padding-top: 60px !important;padding-bottom: 60px !important;}&#8221; element_css_sm=&#8221;.vc_custom_1709669478351{padding-top: 50px !important;padding-bottom: 50px !important;}&#8221; element_css_xs=&#8221;.vc_custom_1709669478352{padding-top: 40px !important;padding-bottom: 40px !important;}&#8221;][vc_column el_id=&#8221;1593416819189-059d5851-d2cc&#8221; css=&#8221;.vc_custom_1593575938245{padding-top: 0px !important;}&#8221;]\t<div  class=\"pgscore_section_title_wrapper vc_custom_1710782644859\"><!-- shortcode-base-wrapper -->\n\t\t<div class=\"pgscore_divider_wrapper pgscore_divider_style4 pgscore_divider_alignment_center\">\n\t<span class=\"divider-sub-title\" style=\"color:#bbbbbb \" >\n\t\t\t<\/span>\t\t\n\t\t\n\t<h2 class=\"divider-title\" style=\"color:#879158\">\n\t\t<span>\n\t\t\tKiemelt term\u00e9keink\t\t<\/span>\n\t<\/h2>\n\t<\/div>\n\t<\/div><!-- shortcode-base-wrapper-end -->\n\t\t<div  class=\"pgscore_multi_tab_products_listing_wrapper pgscore_multi_tab_products_listing-1\"><!-- shortcode-base-wrapper -->\n\t\t<div class=\"pgs-mtpl-wrapper pgs-mtpl-without-intro \">\n\t<div class=\"pgs-mtpl-inner\">\n\t\t<div class=\"row\">\n\t\t\t\t\t\t<div class=\"col-xs-12 col-sm-12 col-md-12\">\n\t\t\t\t<div class=\"pgs-mtpl-main-wrapper\">\n\t\t\t\t\t\t\t\t\t\t<div class=\"pgs-mtpl-header-wrapper pgs-mtpl-header-tabs_alignment-center\">\n\t\t\t\t\t\t<div class=\"pgs-mtpl-header-inner\">\n\t\t\t\t\t\t\t<div class=\"row\">\n\t\t\t\t\t\t\t\t\t\t\t\t\t\t\t\t\t<div class=\"col\">\n\t\t\t\t\t\t\t\t\t\t\t\t\t\t\t\t\t\t\t<\/div>\n\t\t\t\t\t\t\t\t\t\t\t\t\t\t\t\t<\/div>\n\t\t\t\t\t\t\t\t\t\t\t\t\t\t\t<div class=\"row\">\n\t\t\t\t\t\t\t\t\t<div class=\"col\">\n\t\t\t\t\t\t\t\t\t\t\t\t\t\t\t\t\t\t\t<\/div>\n\t\t\t\t\t\t\t\t<\/div>\n\t\t\t\t\t\t\t\t\t\t\t\t\t\t\t\t<div class=\"row\">\n\t\t\t\t\t\t\t\t\t<div class=\"col\">\n\t\t\t\t\t\t\t\t\t\t<ul class=\"nav mtpl-tabs mtpl-tabs--tabs_position-top mtpl-tabs--tabs_alignment-center mtpl-tabs--tabs_style-style-4 justify-content-center\">\n\t\t\t<li class=\"nav-item mtpl-tab\">\n\t\t\t<a class=\"nav-link mtpl-tab-link active\" href=\"#mtpl-1-tab-polo\" data-toggle=\"tab\" data-arrow_target=\"mtpl-1-arrow-polo\" data-link_color=\"#323232\" data-active_link_color=\"#04d39f\" style=\"\">\n\t\t\t\tP\u00f3l\u00f3\t\t\t<\/a>\n\t\t<\/li>\n\t\t<\/ul>\n\t\t\t\t\t\t\t\t\t<\/div>\n\t\t\t\t\t\t\t\t<\/div>\n\t\t\t\t\t\t\t\t\t\t\t\t\t\t<\/div>\n\t\t\t\t\t<\/div>\n\t\t\t\t\t\t\t\t\t\t<div class=\"pgs-mtpl-products-wrapper\">\n\t\t\t\t\t\t<div class=\"tab-content\">\n\t\t\t<div class=\"tab-pane fade show active\" id=\"mtpl-1-tab-polo\" role=\"tabpanel\">\n\t\t\t\t\t\t<div class=\"mtpl-listing-wrapper woocommerce mtpl-listing-type-grid\">\n\t\t\t\t<div class=\"mtpl-listing-inner\">\n\t\t\t\t\t\n\t\t\t\t\t\n\t\t\t\t\t\t<div class=\"woocommerce-notices-wrapper\"><\/div>\n\t\t\t\t\t\t\t\t\t\t\t\t<ul class=\"products products-loop row grid products-loop-column-4 mobile-portrait-1\" data-owl_options=\"\">\n\n\t\t\t\t\t\t\t\n\t\t\t\t\t\t\t\t\n\t\t\t\t\t\t\t\t<li class=\"product-hover-style-info-bottom product-hover-button-shape-square product-hover-act-position-center product_title_type-single_line product_icon_type-fill-icon product type-product post-13043 status-publish first instock product_cat-polo product_tag-polo has-post-thumbnail shipping-taxable purchasable product-type-variable\">\n\t\t<div class=\"product-inner\">\n\t\t<div class=\"product-thumbnail\">\n\t\t<div class=\"product-thumbnail-inner\">\n\t\t<a href=\"https:\/\/fstng44.org\/index.php\/product\/fckblm-tamogatoi-polo\/\" rel=\"bookmark\">\n\t\t\t<div class=\"product-thumbnail-main\">\n\t\t\t<img loading=\"lazy\" decoding=\"async\" width=\"300\" height=\"300\" src=\"https:\/\/fstng44.org\/wp-content\/uploads\/2024\/04\/photo_2024-04-03_21-40-25-300x300.jpg\" class=\"attachment-woocommerce_thumbnail size-woocommerce_thumbnail\" alt=\"#FCKBLM - t\u00e1mogat\u00f3i p\u00f3l\u00f3\" srcset=\"https:\/\/fstng44.org\/wp-content\/uploads\/2024\/04\/photo_2024-04-03_21-40-25-300x300.jpg 300w, https:\/\/fstng44.org\/wp-content\/uploads\/2024\/04\/photo_2024-04-03_21-40-25-150x150.jpg 150w, https:\/\/fstng44.org\/wp-content\/uploads\/2024\/04\/photo_2024-04-03_21-40-25-80x80.jpg 80w, https:\/\/fstng44.org\/wp-content\/uploads\/2024\/04\/photo_2024-04-03_21-40-25-100x100.jpg 100w\" sizes=\"auto, (max-width: 300px) 100vw, 300px\" \/>\t\t<\/div>\n\t\t\t\t<\/a>\n\t<\/div><!-- .product-thumbnail-inner -->\n\t\t<\/div><!-- .product-thumbnail -->\n\t\t<div class=\"product-info\">\n\t\t\t<span class=\"ciyashop-product-category\">\n\t\t\t<a href=\"https:\/\/fstng44.org\/index.php\/product-category\/polo\/\">\n\t\t\t\tP\u00f3l\u00f3\t\t\t<\/a>\n\t\t<\/span><!-- .product-category-name-->\n\t\t<div class=\"woocommerce-product-details__short-description\">\n\t<p>T\u00e1mogat\u00f3i p\u00f3l\u00f3 a BLM szobor led\u00f6nt\u00e9se miatt keletkezett p\u00e9nzb\u00fcntet\u00e9s enyh\u00edt\u00e9s\u00e9re.<\/p>\n<\/div>\n\t<\/div><!-- .product-info -->\n\t\t<div class=\"product-actions\">\n\t\t<div class=\"product-actions-inner\">\n\t\t\t\t<\/div>\n\t<\/div>\n\t\t<\/div><!-- .product-inner -->\n\t<\/li>\n\n\t\t\t\t\t\t\t\n\t\t\t\t\t\t\t\t\n\t\t\t\t\t\t\t\t<li class=\"product-hover-style-info-bottom product-hover-button-shape-square product-hover-act-position-center product_title_type-single_line product_icon_type-fill-icon product type-product post-772 status-publish instock product_cat-polo has-post-thumbnail shipping-taxable purchasable product-type-variable\">\n\t\t<div class=\"product-inner\">\n\t\t<div class=\"product-thumbnail\">\n\t\t<div class=\"product-thumbnail-inner\">\n\t\t<a href=\"https:\/\/fstng44.org\/index.php\/product\/midland-backpack-shotgun-break-action\/\" rel=\"bookmark\">\n\t\t\t<div class=\"product-thumbnail-main\">\n\t\t\t<img loading=\"lazy\" decoding=\"async\" width=\"300\" height=\"300\" src=\"https:\/\/fstng44.org\/wp-content\/uploads\/2024\/03\/tshirt-300x300.jpg\" class=\"attachment-woocommerce_thumbnail size-woocommerce_thumbnail\" alt=\"Midland Backpack Shotgun Break Action\" srcset=\"https:\/\/fstng44.org\/wp-content\/uploads\/2024\/03\/tshirt-300x300.jpg 300w, https:\/\/fstng44.org\/wp-content\/uploads\/2024\/03\/tshirt-150x150.jpg 150w, https:\/\/fstng44.org\/wp-content\/uploads\/2024\/03\/tshirt-80x80.jpg 80w, https:\/\/fstng44.org\/wp-content\/uploads\/2024\/03\/tshirt-100x100.jpg 100w\" sizes=\"auto, (max-width: 300px) 100vw, 300px\" \/>\t\t<\/div>\n\t\t<div class=\"product-thumbnail-swap\"><img loading=\"lazy\" decoding=\"async\" width=\"300\" height=\"300\" src=\"https:\/\/fstng44.org\/wp-content\/uploads\/2024\/03\/tshirt-300x300.jpg\" class=\"attachment-woocommerce_thumbnail size-woocommerce_thumbnail\" alt=\"\" srcset=\"https:\/\/fstng44.org\/wp-content\/uploads\/2024\/03\/tshirt-300x300.jpg 300w, https:\/\/fstng44.org\/wp-content\/uploads\/2024\/03\/tshirt-150x150.jpg 150w, https:\/\/fstng44.org\/wp-content\/uploads\/2024\/03\/tshirt-80x80.jpg 80w, https:\/\/fstng44.org\/wp-content\/uploads\/2024\/03\/tshirt-100x100.jpg 100w\" sizes=\"auto, (max-width: 300px) 100vw, 300px\" \/><\/div>\t\t<\/a>\n\t<\/div><!-- .product-thumbnail-inner -->\n\t\t<\/div><!-- .product-thumbnail -->\n\t\t<div class=\"product-info\">\n\t\t\t<span class=\"ciyashop-product-category\">\n\t\t\t<a href=\"https:\/\/fstng44.org\/index.php\/product-category\/polo\/\">\n\t\t\t\tP\u00f3l\u00f3\t\t\t<\/a>\n\t\t<\/span><!-- .product-category-name-->\n\t\t<div class=\"woocommerce-product-details__short-description\">\n\t<p>Sed suscipit elementum lorem non commodo. Duis posuere ex accumsan eros tempor, eu sagittis quam porttitor. Integer viverra sagittis dolor nec congue. Ut posuere lacinia pulvinar.<\/p>\n<\/div>\n\t<\/div><!-- .product-info -->\n\t\t<div class=\"product-actions\">\n\t\t<div class=\"product-actions-inner\">\n\t\t\t\t<\/div>\n\t<\/div>\n\t\t<\/div><!-- .product-inner -->\n\t<\/li>\n\n\t\t\t\t\t\t\t\t\t\t\t\t\t\t\n\t\t\t\t\t\t\t\n\t\t\t\t\t\t<\/ul>\n\n\t\t\t\t\t\t\n\t\t\t\t\t\t\t\t\t<\/div>\n\t\t\t<\/div>\n\t\t<\/div>\n\t\t<\/div>\n\t\t\t\t\t<\/div>\n\t\t\t\t<\/div>\n\t\t\t<\/div>\n\t\t<\/div>\n\t<\/div>\n<\/div>\n\t<\/div><!-- shortcode-base-wrapper-end -->\n\t[\/vc_column][\/vc_row]<\/p>\n<\/div>","protected":false},"excerpt":{"rendered":"<p>[vc_row el_id=&#8221;1593243395834-696c722f-92af&#8221;][vc_column el_id=&#8221;1593243395839-cbd6cbf2-6f60&#8243;][\/vc_column][\/vc_row][vc_row full_width=&#8221;stretch_row&#8221; pgscore_enable_responsive_settings=&#8221;true&#8221; el_id=&#8221;1593416819185-59f15cb7-d40a&#8221; css=&#8221;.vc_custom_1709669478351{padding-top: 80px !important;padding-bottom: 80px !important;background-color: #f8f8f8 !important;background-position: 0 0 !important;background-repeat: no-repeat !important;}&#8221; element_css_md=&#8221;.vc_custom_1709669478351{padding-top: 60px !important;padding-bottom: 60px !important;}&#8221; element_css_sm=&#8221;.vc_custom_1709669478351{padding-top: 50px !important;padding-bottom: 50px !important;}&#8221; element_css_xs=&#8221;.vc_custom_1709669478352{padding-top: 40px !important;padding-bottom: 40px !important;}&#8221;][vc_column el_id=&#8221;1593416819189-059d5851-d2cc&#8221; css=&#8221;.vc_custom_1593575938245{padding-top: 0px !important;}&#8221;][\/vc_column][\/vc_row]<\/p>\n","protected":false},"author":1,"featured_media":0,"parent":0,"menu_order":0,"comment_status":"closed","ping_status":"closed","template":"templates\/full-width.php","meta":{"footnotes":""},"class_list":["post-12924","page","type-page","status-publish","hentry","product-hover-style-info-bottom","product-hover-button-shape-square","product-hover-act-position-center","product_title_type-single_line","product_icon_type-fill-icon"],"_links":{"self":[{"href":"https:\/\/fstng44.org\/index.php\/wp-json\/wp\/v2\/pages\/12924","targetHints":{"allow":["GET"]}}],"collection":[{"href":"https:\/\/fstng44.org\/index.php\/wp-json\/wp\/v2\/pages"}],"about":[{"href":"https:\/\/fstng44.org\/index.php\/wp-json\/wp\/v2\/types\/page"}],"author":[{"embeddable":true,"href":"https:\/\/fstng44.org\/index.php\/wp-json\/wp\/v2\/users\/1"}],"replies":[{"embeddable":true,"href":"https:\/\/fstng44.org\/index.php\/wp-json\/wp\/v2\/comments?post=12924"}],"version-history":[{"count":21,"href":"https:\/\/fstng44.org\/index.php\/wp-json\/wp\/v2\/pages\/12924\/revisions"}],"predecessor-version":[{"id":13065,"href":"https:\/\/fstng44.org\/index.php\/wp-json\/wp\/v2\/pages\/12924\/revisions\/13065"}],"wp:attachment":[{"href":"https:\/\/fstng44.org\/index.php\/wp-json\/wp\/v2\/media?parent=12924"}],"curies":[{"name":"wp","href":"https:\/\/api.w.org\/{rel}","templated":true}]}}